{"id":3222,"date":"2024-03-20T16:04:30","date_gmt":"2024-03-20T16:04:30","guid":{"rendered":"https:\/\/royalblue-opossum-406159.hostingersite.com\/?post_type=product&#038;p=3222"},"modified":"2025-07-08T18:33:40","modified_gmt":"2025-07-08T18:33:40","slug":"landmark-charcoal-black","status":"publish","type":"product","link":"https:\/\/www.jumtusegumi.lv\/?product=landmark-charcoal-black","title":{"rendered":"Landmark Charcoal Black"},"content":{"rendered":"<p>CertainTeed Landmark lamin\u0113tie bitumena \u0161inde\u013ci ir lieliska izv\u0113le m\u0101ju \u012bpa\u0161niekiem, kuri mekl\u0113 iztur\u012bgu un skaistu jumta segumu.<\/p>\n<p>\u0160iem \u0161inde\u013ciem ir divk\u0101r\u0161a konstrukcija ar iztur\u012bgu stikla \u0161\u0137iedras pamatni, kas p\u0101rkl\u0101ta ar bitumena sl\u0101ni un aizsarg\u0101jo\u0161\u0101m miner\u0101lu granul\u0101m, nodro\u0161inot izcilu iztur\u012bbu un ilgm\u016b\u017e\u012bbu.<\/p>\n<p>Landmark \u0161inde\u013ci ir ieguvu\u0161i Underwriters Laboratories Class A ugunsdro\u0161\u012bbas nov\u0113rt\u0113jumu, kas garant\u0113 to dro\u0161\u012bbu un uzticam\u012bbu m\u0101ju \u012bpa\u0161niekiem, kuri v\u0113las papildu aizsardz\u012bbu pret ugunsb\u012bstam\u012bbu.<\/p>\n<p>Ekspluat\u0101cijai zieme\u013cu klimat\u0101 \u012bpa\u0161i v\u0113rt\u012bga ir \u0161o \u0161inde\u013cu iztur\u012bba pret apaug\u0161anu ar a\u013c\u0123\u0113m un s\u016bn\u0101m.<\/p>\n<p>\u0160ie \u0161inde\u013ci pieejami da\u017e\u0101d\u0101s kr\u0101s\u0101s, lai m\u0101ju \u012bpa\u0161nieki var\u0113tu atrast perfektu saska\u0146u ar sava m\u0101jok\u013ca dizainu.<\/p>\n<p>Landmark \u0161inde\u013ci ir konstru\u0113ti t\u0101, lai iztur\u0113tu v\u0113ja \u0101trumu l\u012bdz pat 49 m\/s, nodro\u0161inot to iztur\u012bbu pat v\u0113tras apst\u0101k\u013cos.<\/p>\n<p>CertainTeed Landmark bitumena \u0161inde\u013ciem ir ierobe\u017eota 30 gadu garantija, kas m\u0101ju \u012bpa\u0161niekiem sniedz papildu mieru un aizsardz\u012bbu. Kopum\u0101 \u0161ie \u0161inde\u013ci pied\u0101v\u0101 izcilu l\u012bdzsvaru starp est\u0113tiku, iztur\u012bbu un veiktsp\u0113ju, padarot tos par popul\u0101ru izv\u0113li m\u0101ju \u012bpa\u0161niekiem, kuri mekl\u0113 uzticamu un vizu\u0101li pievilc\u012bgu jumta segumu.<\/p>\n","protected":false},"excerpt":{"rendered":"<ul>\n<li>Iztur\u012bgi un vizu\u0101li pievilc\u012bgi lamin\u0113tie bitumena \u0161inde\u013ci<\/li>\n<li>Pateicoties divu k\u0101rtu lamin\u0113tajai uzb\u016bvei, izcila iztur\u012bba un ilgm\u016b\u017e\u012bba<\/li>\n<li>Aizsardz\u012bba pret apaug\u0161anu ar s\u016bn\u0101m un a\u013c\u0123\u0113m<\/li>\n<li>Class A ugunsdro\u0161\u012bbas nov\u0113rt\u0113jums<\/li>\n<li>Vienk\u0101r\u0161a uzst\u0101d\u012b\u0161ana<\/li>\n<li>Iztur l\u012bdz pat 49 m\/s \u0101tru v\u0113ju<\/li>\n<li>Ierobe\u017eota 30 gadu garantija<\/li>\n<\/ul>\n","protected":false},"featured_media":3237,"template":"","meta":{"rs_blank_template":"","rs_page_bg_color":"","slide_template_v7":""},"product_brand":[132],"product_cat":[79,95],"product_tag":[97],"class_list":{"0":"post-3222","1":"product","2":"type-product","3":"status-publish","4":"has-post-thumbnail","6":"product_brand-certainteed","7":"product_cat-bitumen-shingles","8":"product_cat-laminetie-sindeli","9":"product_tag-landmark","11":"first","12":"instock","13":"featured","14":"taxable","15":"shipping-taxable","16":"purchasable","17":"product-type-simple"},"_links":{"self":[{"href":"https:\/\/www.jumtusegumi.lv\/index.php?rest_route=\/wp\/v2\/product\/3222","targetHints":{"allow":["GET"]}}],"collection":[{"href":"https:\/\/www.jumtusegumi.lv\/index.php?rest_route=\/wp\/v2\/product"}],"about":[{"href":"https:\/\/www.jumtusegumi.lv\/index.php?rest_route=\/wp\/v2\/types\/product"}],"wp:featuredmedia":[{"embeddable":true,"href":"https:\/\/www.jumtusegumi.lv\/index.php?rest_route=\/wp\/v2\/media\/3237"}],"wp:attachment":[{"href":"https:\/\/www.jumtusegumi.lv\/index.php?rest_route=%2Fwp%2Fv2%2Fmedia&parent=3222"}],"wp:term":[{"taxonomy":"product_brand","embeddable":true,"href":"https:\/\/www.jumtusegumi.lv\/index.php?rest_route=%2Fwp%2Fv2%2Fproduct_brand&post=3222"},{"taxonomy":"product_cat","embeddable":true,"href":"https:\/\/www.jumtusegumi.lv\/index.php?rest_route=%2Fwp%2Fv2%2Fproduct_cat&post=3222"},{"taxonomy":"product_tag","embeddable":true,"href":"https:\/\/www.jumtusegumi.lv\/index.php?rest_route=%2Fwp%2Fv2%2Fproduct_tag&post=3222"}],"curies":[{"name":"wp","href":"https:\/\/api.w.org\/{rel}","templated":true}]}}