{"id":3498,"date":"2024-07-11T13:22:52","date_gmt":"2024-07-11T13:22:52","guid":{"rendered":"https:\/\/royalblue-opossum-406159.hostingersite.com\/?post_type=product&#038;p=3498"},"modified":"2025-06-28T12:46:31","modified_gmt":"2025-06-28T12:46:31","slug":"ct20-dove-gray","status":"publish","type":"product","link":"https:\/\/www.jumtusegumi.lv\/?product=ct20-dove-gray","title":{"rendered":"CT20 Dove Gray"},"content":{"rendered":"<p>Iztur\u012bgi vienas k\u0101rtas \u0161inde\u013ci, kas ir ide\u0101li piem\u0113roti situ\u0101cij\u0101s, kad nepiecie\u0161ams augstas kvalit\u0101tes jumta segums par ekonomisku cenu. CT20 \u0161inde\u013cu mont\u0101\u017ea ir vienk\u0101r\u0161a un \u0101tra, kas \u013cauj samazin\u0101t mont\u0101\u017eas laiku. Iztur\u012bgais stikla \u0161\u0137iedras arm\u0113jums dod \u0161iem \u0161inde\u013ciem iztur\u012bbu, lai tie kalpotu gadiem ilgi. Vienk\u0101r\u0161ais un elegantais \u0137ie\u0123e\u013cu formas raksts labi izskat\u0101s uz jebkura jumta. Izmantojami ar\u012b k\u0101 karn\u012bzes (starta) josla CertainTeed Landmark \u0161inde\u013ciem.<\/p>\n","protected":false},"excerpt":{"rendered":"<ul>\n<li>Iztur\u012bgi bitumena \u0161inde\u013ci<\/li>\n<li>Vienk\u0101r\u0161a uzst\u0101d\u012b\u0161ana<\/li>\n<li>Viena \u0161inde\u013cu paka nosedz 3.1 m\u00b2 jumta<\/li>\n<li>1 m\u00b2 CT20 \u0161inde\u013cu sver 9.77 kg<\/li>\n<li>Ierobe\u017eota 20 gadu garantija pret ra\u017eo\u0161anas defektiem<\/li>\n<li>Izmantojami ar\u012b k\u0101 starta josla CertainTeed Landmark \u0161inde\u013ciem<\/li>\n<\/ul>\n","protected":false},"featured_media":3500,"template":"","meta":{"rs_blank_template":"","rs_page_bg_color":"","slide_template_v7":""},"product_brand":[132],"product_cat":[79,96],"product_tag":[98],"class_list":{"0":"post-3498","1":"product","2":"type-product","3":"status-publish","4":"has-post-thumbnail","6":"product_brand-certainteed","7":"product_cat-bitumen-shingles","8":"product_cat-vienas-kartas-sindeli","9":"product_tag-ct20","11":"first","12":"instock","13":"taxable","14":"shipping-taxable","15":"purchasable","16":"product-type-simple"},"_links":{"self":[{"href":"https:\/\/www.jumtusegumi.lv\/index.php?rest_route=\/wp\/v2\/product\/3498","targetHints":{"allow":["GET"]}}],"collection":[{"href":"https:\/\/www.jumtusegumi.lv\/index.php?rest_route=\/wp\/v2\/product"}],"about":[{"href":"https:\/\/www.jumtusegumi.lv\/index.php?rest_route=\/wp\/v2\/types\/product"}],"wp:featuredmedia":[{"embeddable":true,"href":"https:\/\/www.jumtusegumi.lv\/index.php?rest_route=\/wp\/v2\/media\/3500"}],"wp:attachment":[{"href":"https:\/\/www.jumtusegumi.lv\/index.php?rest_route=%2Fwp%2Fv2%2Fmedia&parent=3498"}],"wp:term":[{"taxonomy":"product_brand","embeddable":true,"href":"https:\/\/www.jumtusegumi.lv\/index.php?rest_route=%2Fwp%2Fv2%2Fproduct_brand&post=3498"},{"taxonomy":"product_cat","embeddable":true,"href":"https:\/\/www.jumtusegumi.lv\/index.php?rest_route=%2Fwp%2Fv2%2Fproduct_cat&post=3498"},{"taxonomy":"product_tag","embeddable":true,"href":"https:\/\/www.jumtusegumi.lv\/index.php?rest_route=%2Fwp%2Fv2%2Fproduct_tag&post=3498"}],"curies":[{"name":"wp","href":"https:\/\/api.w.org\/{rel}","templated":true}]}}