{"id":3510,"date":"2024-08-31T08:32:12","date_gmt":"2024-08-31T08:32:12","guid":{"rendered":"https:\/\/royalblue-opossum-406159.hostingersite.com\/?post_type=product&#038;p=3510"},"modified":"2024-10-29T11:08:15","modified_gmt":"2024-10-29T11:08:15","slug":"elastoizol-ekp-4-5","status":"publish","type":"product","link":"https:\/\/www.jumtusegumi.lv\/?product=elastoizol-ekp-4-5","title":{"rendered":"Elastoizol EKP-4.5"},"content":{"rendered":"<p>Uzkaus\u0113jams SBS bitumena virs\u0113j\u0101s k\u0101rtas l\u0113zeno jumtu segums. Materi\u0101ls ir arm\u0113ts ar poliestera pamatni, kas, at\u0161\u0137ir\u012bb\u0101 no stikla \u0161\u0137iedras pamatnes, nodro\u0161ina lielu meh\u0101nisko iztur\u012bbu. Materi\u0101l\u0101 izmantots elast\u012bgs modific\u0113tais bitumens, kas zaud\u0113 elast\u012bbu ne augst\u0101k\u0101 temperat\u016br\u0101 k\u0101 -15\u00b0\u0421. Materi\u0101la virsma ir kl\u0101ta ar miner\u0101l\u0101m granul\u0101m, kas nodro\u0161ina t\u0101 aizsardz\u012bbu pret saules UV starojumu.<\/p>\n","protected":false},"excerpt":{"rendered":"<p>Uzkaus\u0113jams bitumena jumtu segums. Virsk\u0101rta.<\/p>\n<ul>\n<li>SBS bitumens<\/li>\n<li>Svars 4.5kg\/m\u00b2<\/li>\n<li>Bitumena elast\u012bbas zem\u0101k\u0101 temperat\u016bra ne augst\u0101ka par -15\u00b0\u0421<\/li>\n<li>Poliestera pamatne<\/li>\n<\/ul>\n","protected":false},"featured_media":3503,"template":"","meta":{"rs_blank_template":"","rs_page_bg_color":"","slide_template_v7":""},"product_brand":[],"product_cat":[82,103],"product_tag":[],"class_list":{"0":"post-3510","1":"product","2":"type-product","3":"status-publish","4":"has-post-thumbnail","6":"product_cat-bitumena-kausejamie-materiali","7":"product_cat-virsklaji","9":"first","10":"instock","11":"sale","12":"taxable","13":"shipping-taxable","14":"purchasable","15":"product-type-simple"},"_links":{"self":[{"href":"https:\/\/www.jumtusegumi.lv\/index.php?rest_route=\/wp\/v2\/product\/3510","targetHints":{"allow":["GET"]}}],"collection":[{"href":"https:\/\/www.jumtusegumi.lv\/index.php?rest_route=\/wp\/v2\/product"}],"about":[{"href":"https:\/\/www.jumtusegumi.lv\/index.php?rest_route=\/wp\/v2\/types\/product"}],"wp:featuredmedia":[{"embeddable":true,"href":"https:\/\/www.jumtusegumi.lv\/index.php?rest_route=\/wp\/v2\/media\/3503"}],"wp:attachment":[{"href":"https:\/\/www.jumtusegumi.lv\/index.php?rest_route=%2Fwp%2Fv2%2Fmedia&parent=3510"}],"wp:term":[{"taxonomy":"product_brand","embeddable":true,"href":"https:\/\/www.jumtusegumi.lv\/index.php?rest_route=%2Fwp%2Fv2%2Fproduct_brand&post=3510"},{"taxonomy":"product_cat","embeddable":true,"href":"https:\/\/www.jumtusegumi.lv\/index.php?rest_route=%2Fwp%2Fv2%2Fproduct_cat&post=3510"},{"taxonomy":"product_tag","embeddable":true,"href":"https:\/\/www.jumtusegumi.lv\/index.php?rest_route=%2Fwp%2Fv2%2Fproduct_tag&post=3510"}],"curies":[{"name":"wp","href":"https:\/\/api.w.org\/{rel}","templated":true}]}}