{"id":3615,"date":"2025-06-28T11:41:56","date_gmt":"2025-06-28T11:41:56","guid":{"rendered":"https:\/\/royalblue-opossum-406159.hostingersite.com\/?post_type=product&#038;p=3615"},"modified":"2025-06-28T12:46:31","modified_gmt":"2025-06-28T12:46:31","slug":"shadow-ridge-burnt-sienna-kores-sindeli","status":"publish","type":"product","link":"https:\/\/www.jumtusegumi.lv\/?product=shadow-ridge-burnt-sienna-kores-sindeli","title":{"rendered":"Shadow Ridge Burnt Sienna kores \u0161inde\u013ci"},"content":{"rendered":"<div class=\"css-146c3p1 r-bcqeeo r-1ttztb7 r-qvutc0 r-37j5jr r-a023e6 r-16dba41 r-1adg3ll r-1b5gpbm r-a8ghvy\" dir=\"ltr\"><span class=\"css-1jxf684 r-bcqeeo r-1ttztb7 r-qvutc0 r-poiln3\"><span class=\"css-1jxf684 r-bcqeeo r-1ttztb7 r-qvutc0 r-poiln3 r-a8ghvy\">CertainTeed Shadow Ridge ir augst\u0101k\u0101s kvalit\u0101tes jumta kores \u0161inde\u013ci, kas izstr\u0101d\u0101ti, lai nodro\u0161in\u0101tu izcilu aizsardz\u012bbu un pievilc\u012bgu apdari dz\u012bvojamo m\u0101ju jumtiem. \u0160is specializ\u0113tais jumta aksesu\u0101rs ir izgatavots no augstas kvalit\u0101tes materi\u0101liem, ietverot iztur\u012bgu bitumena pamatni, kas apvienota ar keramiski p\u0101rkl\u0101t\u0101m miner\u0101lu granul\u0101m, radot izcili iztur\u012bgu jumtu segumu, kas sp\u0113j iztur\u0113t slikt\u0101kos laika apst\u0101k\u013cus.<\/span><\/span><\/div>\n<div dir=\"ltr\"><\/div>\n<div class=\"css-146c3p1 r-bcqeeo r-1ttztb7 r-qvutc0 r-37j5jr r-a023e6 r-16dba41 r-1adg3ll r-1b5gpbm r-a8ghvy\" dir=\"ltr\"><span class=\"css-1jxf684 r-bcqeeo r-1ttztb7 r-qvutc0 r-poiln3\"><span class=\"css-1jxf684 r-bcqeeo r-1ttztb7 r-qvutc0 r-poiln3 r-a8ghvy\">Viena no t\u0101 izcilaj\u0101m \u012bpa\u0161\u012bb\u0101m ir lielisk\u0101 v\u0113ja slodzes iztur\u012bba. Produkts ir ar\u012b iztur\u012bgs pret apaug\u0161anu ar a\u013c\u0123\u0113m un s\u016bn\u0101m.<\/span><\/span><\/div>\n<div dir=\"ltr\"><\/div>\n<div class=\"css-146c3p1 r-bcqeeo r-1ttztb7 r-qvutc0 r-37j5jr r-a023e6 r-16dba41 r-1adg3ll r-1b5gpbm r-a8ghvy\" dir=\"ltr\"><span class=\"css-1jxf684 r-bcqeeo r-1ttztb7 r-qvutc0 r-poiln3\"><span class=\"css-1jxf684 r-bcqeeo r-1ttztb7 r-qvutc0 r-poiln3 r-a8ghvy\">Shadow Ridge ir sader\u012bgs ar CertainTeed Landmark\u00ae s\u0113rijas produktiem, \u013caujot veikt nevainojamu integr\u0101ciju un vienk\u0101r\u0161u uzst\u0101d\u012b\u0161anu, izmantojot standarta jumta naglas. Pieejams da\u017e\u0101d\u0101s kr\u0101s\u0101s, tas prec\u012bzi atbilst CertainTeed Landmark \u0161inde\u013cu kr\u0101s\u0101m, \u013caujot m\u0101ju \u012bpa\u0161niekiem sasniegt saska\u0146otu un stil\u012bgu jumta dizainu.<\/span><\/span><\/div>\n","protected":false},"excerpt":{"rendered":"<ul>\n<li>\n<div class=\"css-146c3p1 r-bcqeeo r-1ttztb7 r-qvutc0 r-37j5jr r-a023e6 r-rjixqe r-16dba41\" dir=\"ltr\"><span class=\"css-1jxf684 r-bcqeeo r-1ttztb7 r-qvutc0 r-poiln3 r-a8ghvy\"><span class=\"css-1jxf684 r-bcqeeo r-1ttztb7 r-qvutc0 r-poiln3\">Augst\u0101k\u0101s kvalit\u0101tes kores \u0161inde\u013ci, paredz\u0113ti izmantot pie Certainteed Landmark plaknes \u0161inde\u013ciem;<\/span><\/span><\/div>\n<\/li>\n<li>\n<div class=\"css-146c3p1 r-bcqeeo r-1ttztb7 r-qvutc0 r-37j5jr r-a023e6 r-rjixqe r-16dba41\" dir=\"ltr\"><span class=\"css-1jxf684 r-bcqeeo r-1ttztb7 r-qvutc0 r-poiln3 r-a8ghvy\"><span class=\"css-1jxf684 r-bcqeeo r-1ttztb7 r-qvutc0 r-poiln3\">Pieejami kr\u0101s\u0101s, kas prec\u012bzi atbilst Certainteed Landmark \u0161inde\u013cu kr\u0101s\u0101m;<\/span><\/span><\/div>\n<\/li>\n<li>\n<div class=\"css-146c3p1 r-bcqeeo r-1ttztb7 r-qvutc0 r-37j5jr r-a023e6 r-rjixqe r-16dba41\" dir=\"ltr\"><span class=\"css-1jxf684 r-bcqeeo r-1ttztb7 r-qvutc0 r-poiln3 r-a8ghvy\"><span class=\"css-1jxf684 r-bcqeeo r-1ttztb7 r-qvutc0 r-poiln3\">Izcili iztur\u012bga konstrukcija ar keramiski p\u0101rkl\u0101t\u0101m miner\u0101lu granul\u0101m;<\/span><\/span><\/div>\n<\/li>\n<li>\n<div class=\"css-146c3p1 r-bcqeeo r-1ttztb7 r-qvutc0 r-37j5jr r-a023e6 r-rjixqe r-16dba41\" dir=\"ltr\"><span class=\"css-1jxf684 r-bcqeeo r-1ttztb7 r-qvutc0 r-poiln3 r-a8ghvy\"><span class=\"css-1jxf684 r-bcqeeo r-1ttztb7 r-qvutc0 r-poiln3\">Izcila v\u0113ja iztur\u012bba;<\/span><\/span><\/div>\n<\/li>\n<li>\n<div class=\"css-146c3p1 r-bcqeeo r-1ttztb7 r-qvutc0 r-37j5jr r-a023e6 r-rjixqe r-16dba41\" dir=\"ltr\"><span class=\"css-1jxf684 r-bcqeeo r-1ttztb7 r-qvutc0 r-poiln3 r-a8ghvy\"><span class=\"css-1jxf684 r-bcqeeo r-1ttztb7 r-qvutc0 r-poiln3\">Iztur\u012bgi pret apaug\u0161anu ar a\u013c\u0123\u0113m un s\u016bn\u0101m ilgsto\u0161ai pievilc\u012bbai;<\/span><\/span><\/div>\n<\/li>\n<li>\n<div class=\"css-146c3p1 r-bcqeeo r-1ttztb7 r-qvutc0 r-37j5jr r-a023e6 r-rjixqe r-16dba41\" dir=\"ltr\"><span class=\"css-1jxf684 r-bcqeeo r-1ttztb7 r-qvutc0 r-poiln3 r-a8ghvy\"><span class=\"css-1jxf684 r-bcqeeo r-1ttztb7 r-qvutc0 r-poiln3\">Iepakojums satur \u0161inde\u013cu daudzumu 9,14 metru kores noseg\u0161anai.<\/span><\/span><\/div>\n<\/li>\n<\/ul>\n","protected":false},"featured_media":3603,"template":"","meta":{"rs_blank_template":"","rs_page_bg_color":"","slide_template_v7":""},"product_brand":[132],"product_cat":[79,84],"product_tag":[123,111,110],"class_list":{"0":"post-3615","1":"product","2":"type-product","3":"status-publish","4":"has-post-thumbnail","6":"product_brand-certainteed","7":"product_cat-bitumen-shingles","8":"product_cat-jumtu-segumu-aksesuari","9":"product_tag-burnt-sienna","10":"product_tag-kores-sindeli","11":"product_tag-shadow-ridge","13":"first","14":"instock","15":"taxable","16":"shipping-taxable","17":"purchasable","18":"product-type-simple"},"_links":{"self":[{"href":"https:\/\/www.jumtusegumi.lv\/index.php?rest_route=\/wp\/v2\/product\/3615","targetHints":{"allow":["GET"]}}],"collection":[{"href":"https:\/\/www.jumtusegumi.lv\/index.php?rest_route=\/wp\/v2\/product"}],"about":[{"href":"https:\/\/www.jumtusegumi.lv\/index.php?rest_route=\/wp\/v2\/types\/product"}],"wp:featuredmedia":[{"embeddable":true,"href":"https:\/\/www.jumtusegumi.lv\/index.php?rest_route=\/wp\/v2\/media\/3603"}],"wp:attachment":[{"href":"https:\/\/www.jumtusegumi.lv\/index.php?rest_route=%2Fwp%2Fv2%2Fmedia&parent=3615"}],"wp:term":[{"taxonomy":"product_brand","embeddable":true,"href":"https:\/\/www.jumtusegumi.lv\/index.php?rest_route=%2Fwp%2Fv2%2Fproduct_brand&post=3615"},{"taxonomy":"product_cat","embeddable":true,"href":"https:\/\/www.jumtusegumi.lv\/index.php?rest_route=%2Fwp%2Fv2%2Fproduct_cat&post=3615"},{"taxonomy":"product_tag","embeddable":true,"href":"https:\/\/www.jumtusegumi.lv\/index.php?rest_route=%2Fwp%2Fv2%2Fproduct_tag&post=3615"}],"curies":[{"name":"wp","href":"https:\/\/api.w.org\/{rel}","templated":true}]}}